{"id":24,"date":"2016-02-15T10:43:56","date_gmt":"2016-02-15T10:43:56","guid":{"rendered":"http:\/\/vom-haus-tannenwaeldchen.de\/?page_id=24"},"modified":"2025-08-14T07:01:00","modified_gmt":"2025-08-14T07:01:00","slug":"gaestebuch","status":"publish","type":"page","link":"https:\/\/vom-haus-tannenwaeldchen.de\/?page_id=24","title":{"rendered":"G\u00e4stebuch"},"content":{"rendered":"<p align=\"center\"><i><span style=\"font-size: x-large;\">Ich freue mich auf Eure Eintr\u00e4ge in meinem G\u00e4stebuch<\/span><\/i><\/p>\n<p align=\"center\"><iframe loading=\"lazy\" src=\"https:\/\/42082.my-gaestebuch.de\/buch42082.html\" name=\"I1\" width=\"1243\" height=\"1847\" scrolling=\"yes\"><br \/>\nIhr Browser unterst\u00fctzt Inlineframes nicht oder zeigt sie in der derzeitigen Konfiguration nicht an.<br \/>\n<\/iframe><\/p>\n","protected":false},"excerpt":{"rendered":"<p>Ich freue mich auf Eure Eintr\u00e4ge in meinem G\u00e4stebuch Ihr Browser unterst\u00fctzt Inlineframes nicht oder zeigt sie in der derzeitigen Konfiguration nicht an.<\/p>\n","protected":false},"author":1,"featured_media":0,"parent":0,"menu_order":0,"comment_status":"closed","ping_status":"closed","template":"","meta":{"footnotes":""},"class_list":["post-24","page","type-page","status-publish","hentry"],"_links":{"self":[{"href":"https:\/\/vom-haus-tannenwaeldchen.de\/index.php?rest_route=\/wp\/v2\/pages\/24","targetHints":{"allow":["GET"]}}],"collection":[{"href":"https:\/\/vom-haus-tannenwaeldchen.de\/index.php?rest_route=\/wp\/v2\/pages"}],"about":[{"href":"https:\/\/vom-haus-tannenwaeldchen.de\/index.php?rest_route=\/wp\/v2\/types\/page"}],"author":[{"embeddable":true,"href":"https:\/\/vom-haus-tannenwaeldchen.de\/index.php?rest_route=\/wp\/v2\/users\/1"}],"replies":[{"embeddable":true,"href":"https:\/\/vom-haus-tannenwaeldchen.de\/index.php?rest_route=%2Fwp%2Fv2%2Fcomments&post=24"}],"version-history":[{"count":4,"href":"https:\/\/vom-haus-tannenwaeldchen.de\/index.php?rest_route=\/wp\/v2\/pages\/24\/revisions"}],"predecessor-version":[{"id":1673,"href":"https:\/\/vom-haus-tannenwaeldchen.de\/index.php?rest_route=\/wp\/v2\/pages\/24\/revisions\/1673"}],"wp:attachment":[{"href":"https:\/\/vom-haus-tannenwaeldchen.de\/index.php?rest_route=%2Fwp%2Fv2%2Fmedia&parent=24"}],"curies":[{"name":"wp","href":"https:\/\/api.w.org\/{rel}","templated":true}]}}