{"id":6,"date":"2016-02-07T06:58:29","date_gmt":"2016-02-07T06:58:29","guid":{"rendered":"http:\/\/vom-haus-tannenwaeldchen.de\/?page_id=6"},"modified":"2016-02-15T17:45:55","modified_gmt":"2016-02-15T17:45:55","slug":"ueber-uns","status":"publish","type":"page","link":"https:\/\/vom-haus-tannenwaeldchen.de\/?page_id=6","title":{"rendered":"\u00dcber uns"},"content":{"rendered":"<h1 style=\"text-align: center;\"><strong><u><em>Zwinger &#8222;vom Haus Tannenw\u00e4ldchen&#8220;<\/em><\/u><\/strong><\/h1>\n<h1 style=\"text-align: center;\"><em>Wir w\u00fcnschen viel Spa\u00df beim St\u00f6bern und wenn Sie m\u00f6gen, erfahren Sie mehr Informationen \u00fcber uns. Jetzt ein paar Worte zu meiner Familie und meinen Deutschen Sch\u00e4ferhunden.<\/em><\/h1>\n<h1 style=\"text-align: center;\"><em>Zugeh\u00f6rig sind mein Mann Michael, der mich tatkr\u00e4ftig unterst\u00fctzt, unser 18 j\u00e4hriger Sohn Klaus Robin, sowie unsere 4 deutsche Sch\u00e4ferhunde.<\/em><\/h1>\n<h1 style=\"text-align: center;\"><em>Ich war schon immer ein Freund dieser Rasse und kam 2004 mit meiner ersten Sch\u00e4ferh\u00fcndin Fjorna (ohne Papiere) zum Hundesport (Breitensport).<\/em><\/h1>\n<h1 style=\"text-align: center;\"><em>Meine Begeisterung wuchs eins aufs andere, so dass ich den SV beitrat und ich in kurzer Zeit sp\u00e4ter mit ihr meine erste Begleithundpr\u00fcfung machte. Es folgten darauf die FH1 und FH2. <\/em><\/h1>\n<h1 style=\"text-align: center;\"><em>Leider war es mit der H\u00fcndin nicht m\u00f6glich, eine IPO abzulegen, da sie f\u00fcr den Schutzdienst nicht geeignet war.<\/em><\/h1>\n<h1 style=\"text-align: center;\"><em>Da ich immer ehrgeiziger wurde und mehr erreichen wollte, sind es bis heute 4 Sch\u00e4ferhunde geworden. Leider ist Fjorna, meine erste H\u00fcndin am 24.11.2014 f\u00fcr immer von uns gegangen. Sie w\u00e4re im Februar 2015 11 Jahre alt geworden, sitzt auch der Schmerz noch so tief, helfen meine drei verbliebenen H\u00fcndinnen mir dar\u00fcber hinwegzukommen, mit welchen ich seit einigen Jahren auch voll im Hundesport der OG Elbtaue integriert bin und mit Ihnen sch\u00f6ne Erlebnisse und Stunden, auch au\u00dferhalb des Hundesports, habe.<\/em><\/h1>\n<h1 style=\"text-align: center;\"><em>Mein internationaler gesch\u00fctzter Zwinger \u201e vom Haus Tannenw\u00e4ldchen&#8220; wurde am 15. Mai.2014 in das Zuchtbuch des SV eingetragen. Mit meinem Zwinger habe ich es mir zur Aufgabe gemacht, gesunde, leistungsstarke deutsche Sch\u00e4ferhunde aus reiner Ost- und Leistungszucht mit sehr gutem Wesen und einer super Arbeitsbereitschaft, sowie einer entsprechenden Anatomie, zu z\u00fcchten.<\/em><\/h1>\n<h1 style=\"text-align: center;\"><em>Des Weiteren m\u00f6chte ich noch viel erreichen und meine Pr\u00fcfungen absolvieren.<\/em><\/h1>\n<p style=\"text-align: center;\"><u><em><strong><img loading=\"lazy\" decoding=\"async\" class=\"alignnone size-medium wp-image-7\" src=\"http:\/\/vom-haus-tannenwaeldchen.de\/wp-content\/uploads\/2016\/02\/diedrei-1-300x200.jpg\" alt=\"diedrei\" width=\"300\" height=\"200\" srcset=\"https:\/\/vom-haus-tannenwaeldchen.de\/wp-content\/uploads\/2016\/02\/diedrei-1-300x200.jpg 300w, https:\/\/vom-haus-tannenwaeldchen.de\/wp-content\/uploads\/2016\/02\/diedrei-1-768x512.jpg 768w, https:\/\/vom-haus-tannenwaeldchen.de\/wp-content\/uploads\/2016\/02\/diedrei-1.jpg 1024w, https:\/\/vom-haus-tannenwaeldchen.de\/wp-content\/uploads\/2016\/02\/diedrei-1-830x554.jpg 830w, https:\/\/vom-haus-tannenwaeldchen.de\/wp-content\/uploads\/2016\/02\/diedrei-1-230x153.jpg 230w, https:\/\/vom-haus-tannenwaeldchen.de\/wp-content\/uploads\/2016\/02\/diedrei-1-350x233.jpg 350w\" sizes=\"auto, (max-width: 300px) 100vw, 300px\" \/><\/strong><\/em><\/u><\/p>\n<h1 style=\"text-align: center;\"><strong><em>Familie<\/em><\/strong><em><strong> Schr\u00f6der<\/strong><\/em><\/h1>\n","protected":false},"excerpt":{"rendered":"<p>Zwinger &#8222;vom Haus Tannenw\u00e4ldchen&#8220; Wir w\u00fcnschen viel Spa\u00df beim St\u00f6bern und wenn Sie m\u00f6gen, erfahren Sie mehr Informationen \u00fcber uns. Jetzt ein paar Worte zu meiner Familie und meinen Deutschen Sch\u00e4ferhunden. Zugeh\u00f6rig sind mein Mann Michael, der mich tatkr\u00e4ftig unterst\u00fctzt, unser 18 j\u00e4hriger Sohn Klaus Robin, sowie unsere 4 deutsche Sch\u00e4ferhunde. Ich war schon immer &hellip; <a href=\"https:\/\/vom-haus-tannenwaeldchen.de\/?page_id=6\" class=\"more-link\"><span class=\"screen-reader-text\">\u00dcber uns<\/span> weiterlesen <span class=\"meta-nav\">&rarr;<\/span><\/a><\/p>\n","protected":false},"author":1,"featured_media":0,"parent":0,"menu_order":0,"comment_status":"closed","ping_status":"closed","template":"","meta":{"footnotes":""},"class_list":["post-6","page","type-page","status-publish","hentry"],"_links":{"self":[{"href":"https:\/\/vom-haus-tannenwaeldchen.de\/index.php?rest_route=\/wp\/v2\/pages\/6","targetHints":{"allow":["GET"]}}],"collection":[{"href":"https:\/\/vom-haus-tannenwaeldchen.de\/index.php?rest_route=\/wp\/v2\/pages"}],"about":[{"href":"https:\/\/vom-haus-tannenwaeldchen.de\/index.php?rest_route=\/wp\/v2\/types\/page"}],"author":[{"embeddable":true,"href":"https:\/\/vom-haus-tannenwaeldchen.de\/index.php?rest_route=\/wp\/v2\/users\/1"}],"replies":[{"embeddable":true,"href":"https:\/\/vom-haus-tannenwaeldchen.de\/index.php?rest_route=%2Fwp%2Fv2%2Fcomments&post=6"}],"version-history":[{"count":3,"href":"https:\/\/vom-haus-tannenwaeldchen.de\/index.php?rest_route=\/wp\/v2\/pages\/6\/revisions"}],"predecessor-version":[{"id":73,"href":"https:\/\/vom-haus-tannenwaeldchen.de\/index.php?rest_route=\/wp\/v2\/pages\/6\/revisions\/73"}],"wp:attachment":[{"href":"https:\/\/vom-haus-tannenwaeldchen.de\/index.php?rest_route=%2Fwp%2Fv2%2Fmedia&parent=6"}],"curies":[{"name":"wp","href":"https:\/\/api.w.org\/{rel}","templated":true}]}}